{"id":944,"date":"2018-12-19T13:54:12","date_gmt":"2018-12-19T18:54:12","guid":{"rendered":"http:\/\/108.163.179.234\/~isfort\/?page_id=944"},"modified":"2020-10-26T18:18:52","modified_gmt":"2020-10-26T22:18:52","slug":"student-association-acer","status":"publish","type":"page","link":"https:\/\/isfort.uqo.ca\/en\/student-association-acer\/","title":{"rendered":"Student association (ACER)"},"content":{"rendered":"\n<p>ACER-UQO (the Association of the Student Community of Ripon) is there to create activities near ISFORT: dog sledding, wine and cheese, happy hour at the market, sports activities and many others ! Our goal is also to represent students and provide them with services to ensure their happiness.<\/p>\n\n\n\n<p>If you want to contact us, you can send us an email at aceruqo@uqo.ca and if you want to get an idea of \u200b\u200bthe activities that we organize you can go to our Acer-uqo Facebook page. You can also consult the Student Experience Guide at ISFORT for more information.<\/p>\n\n\n\n<div class=\"wp-block-file\"><a href=\"https:\/\/isfort.uqo.ca\/wp-content\/uploads\/2018\/12\/Guide_ACER_experience_etudiante.pdf\">Guide to the student experience<\/a><a href=\"https:\/\/isfort.uqo.ca\/wp-content\/uploads\/2018\/12\/Guide_ACER_experience_etudiante.pdf\" class=\"wp-block-file__button\" download>Dowload (only french version)<\/a><\/div>\n\n\n\n<h2 class=\"wp-block-heading\">ACER Committee members<\/h2>\n\n\n<div id=\"new-royalslider-4\" class=\"royalSlider new-royalslider-4 rsDefaultInv rs-default-template\" style=\"width:100%;height:400px;;\" data-rs-options='{&quot;template&quot;:&quot;default&quot;,&quot;image_generation&quot;:{&quot;imageWidth&quot;:2000,&quot;imageHeight&quot;:1100,&quot;thumbImageWidth&quot;:&quot;&quot;,&quot;thumbImageHeight&quot;:&quot;&quot;},&quot;thumbs&quot;:{&quot;thumbWidth&quot;:96,&quot;thumbHeight&quot;:72},&quot;video&quot;:[],&quot;block&quot;:{&quot;moveOffset&quot;:20,&quot;speed&quot;:400,&quot;delay&quot;:200},&quot;width&quot;:&quot;100%&quot;,&quot;height&quot;:&quot;400px&quot;,&quot;autoScaleSlider&quot;:&quot;true&quot;,&quot;autoScaleSliderWidth&quot;:600,&quot;autoScaleSliderHeight&quot;:330,&quot;imageScaleMode&quot;:&quot;fill&quot;,&quot;imageScalePadding&quot;:0,&quot;arrowsNavHideOnTouch&quot;:&quot;true&quot;,&quot;globalCaption&quot;:&quot;true&quot;,&quot;globalCaptionInside&quot;:&quot;true&quot;,&quot;keyboardNavEnabled&quot;:&quot;true&quot;}'>\n<div class=\"rsContent\">\n  <img decoding=\"async\" class=\"rsImg\" src=\"https:\/\/isfort.uqo.ca\/en\/wp-content\/uploads\/2019\/10\/Acer-2019-2020-web-2000x1100.jpg\" alt=\"Comit\u00e9 2019-2020\"\/>\n  <div class=\"rsCaption\">\n    <h2>Comit\u00e9 2019-2020<\/h2>\n    <p>De gauche \u00e0 droite : Florian M\u00e9zerette (Conseiller aux finances)  \u2013 Alix Pugeault (Conseill\u00e8re au secr\u00e9tariat) \u2013 Zoe Ribeyre (Conseill\u00e8re \u00e0 l\u2019information) \u2013 Emmannuelle Barreau (Coordinatrice) \u2013 Mathieu Auffray (Conseiller \u00e0 la vie socioculturelle)<\/p>\n<\/div>\n  \n  \n  \n<\/div>\n<div class=\"rsContent\">\n  <img decoding=\"async\" class=\"rsImg\" src=\"https:\/\/isfort.uqo.ca\/en\/wp-content\/uploads\/2018\/12\/Comite-acer-2018-2019.jpg\" alt=\"Comit\u00e9 2018-2019\"\/>\n  <div class=\"rsCaption\">\n    <h2>Comit\u00e9 2018-2019<\/h2>\n    <p>De gauche \u00e0 droite : Zo\u00e9 Ribeyre (Conseill\u00e8re \u00e0 la vie socioculturelle) \u2013 Alix Pugeaut (Coordinatrice) \u2013 Florian M\u00e9zerette (Conseiller aux finances) \u2013 Martin Delpuech (Conseiller \u00e0 l\u2019information) \u2013 Rebeca Cordero Montoya (Conseill\u00e8re au secr\u00e9tariat)<\/p>\n<\/div>\n  \n  \n  \n<\/div>\n\n<\/div>\n\n\n\n\n<h3 class=\"wp-block-heading\">Here are examples of organized activities or services offered by ACER<\/h3>\n\n\n\n<ul class=\"wp-block-list\"><li>monthly happy hours at the Ripon market place<\/li><li>Friendly ballbroom games<\/li><li>Running group<\/li><li>Indoor and outdoor soccer league<\/li><li>Possibility to borrow outdoor equipment (canoe, tent, sleeping bag, groundsheet, headlamps, snowshoes, binoculars)<\/li><li>Possibility to borrow sports equipment (soccer and basketball ball, tennis ball, p\u00e9tanque games, Frisbee)<\/li><\/ul>\n\n\n\n<div style=\"height:32px\" aria-hidden=\"true\" class=\"wp-block-spacer\"><\/div>\n\n\n<div id=\"new-royalslider-2\" class=\"royalSlider new-royalslider-2 rsDefaultInv rs-default-template\" style=\"width:100%;height:400px;;\" data-rs-options='{&quot;template&quot;:&quot;default&quot;,&quot;image_generation&quot;:{&quot;imageWidth&quot;:2000,&quot;imageHeight&quot;:1100,&quot;thumbImageWidth&quot;:&quot;&quot;,&quot;thumbImageHeight&quot;:&quot;&quot;},&quot;thumbs&quot;:{&quot;thumbWidth&quot;:96,&quot;thumbHeight&quot;:72},&quot;video&quot;:[],&quot;block&quot;:{&quot;moveOffset&quot;:20,&quot;speed&quot;:400,&quot;delay&quot;:200},&quot;width&quot;:&quot;100%&quot;,&quot;height&quot;:&quot;400px&quot;,&quot;autoScaleSlider&quot;:&quot;true&quot;,&quot;autoScaleSliderWidth&quot;:600,&quot;autoScaleSliderHeight&quot;:330,&quot;imageScaleMode&quot;:&quot;fill&quot;,&quot;imageScalePadding&quot;:0,&quot;arrowsNavHideOnTouch&quot;:&quot;true&quot;,&quot;keyboardNavEnabled&quot;:&quot;true&quot;}'>\n<div class=\"rsContent\">\n  <img decoding=\"async\" class=\"rsImg\" src=\"https:\/\/isfort.uqo.ca\/en\/wp-content\/uploads\/2019\/04\/Soccer2019_web-1500x1100.jpg\" alt=\"Soccer2019_web\"\/>\n  \n  \n  \n<\/div>\n<div class=\"rsContent\">\n  <img decoding=\"async\" class=\"rsImg\" src=\"https:\/\/isfort.uqo.ca\/en\/wp-content\/uploads\/2019\/01\/pourquoi-isfort-b2.jpg\" alt=\"pourquoi-isfort-b2\"\/>\n  \n  \n  \n<\/div>\n<div class=\"rsContent\">\n  <img decoding=\"async\" class=\"rsImg\" src=\"https:\/\/isfort.uqo.ca\/en\/wp-content\/uploads\/2019\/01\/vie-etudiantes-plein-air.jpg\" alt=\"vie-etudiantes-plein-air\"\/>\n  \n  \n  \n<\/div>\n<div class=\"rsContent\">\n  <img decoding=\"async\" class=\"rsImg\" src=\"https:\/\/isfort.uqo.ca\/en\/wp-content\/uploads\/2019\/01\/vie-etudiantes.jpg\" alt=\"vie-etudiantes\"\/>\n  \n  \n  \n<\/div>\n<div class=\"rsContent\">\n  <img decoding=\"async\" class=\"rsImg\" src=\"https:\/\/isfort.uqo.ca\/en\/wp-content\/uploads\/2019\/03\/Ballon-ballai-1-2000x1100.jpg\" alt=\"Ballon-ballai-1\"\/>\n  \n  \n  \n<\/div>\n<div class=\"rsContent\">\n  <img decoding=\"async\" class=\"rsImg\" src=\"https:\/\/isfort.uqo.ca\/en\/wp-content\/uploads\/2019\/03\/Ballon-ballai-2-2000x1100.jpg\" alt=\"Ballon-ballai-2\"\/>\n  \n  \n  \n<\/div>\n<div class=\"rsContent\">\n  <img decoding=\"async\" class=\"rsImg\" src=\"https:\/\/isfort.uqo.ca\/en\/wp-content\/uploads\/2019\/01\/5a7-marche-ripon.jpg\" alt=\"5a7-marche-ripon\"\/>\n  \n  \n  \n<\/div>\n\n<\/div>\n\n","protected":false},"excerpt":{"rendered":"ACER-UQO (the Association of the Student Community of Ripon) is there to create activities near ISFORT: dog sledding, wine and cheese, happy hour at the market, sports activities and many others ! Our goal is also to represent students and provide them with services to ensure their happiness. If you want to contact us, you&#8230; <a class=\"view-article\" href=\"https:\/\/isfort.uqo.ca\/en\/student-association-acer\/\">Lire la suite<\/a>","protected":false},"author":1,"featured_media":0,"parent":0,"menu_order":0,"comment_status":"closed","ping_status":"closed","template":"","meta":{"_acf_changed":false,"footnotes":""},"class_list":["post-944","page","type-page","status-publish","hentry"],"acf":[],"_links":{"self":[{"href":"https:\/\/isfort.uqo.ca\/en\/wp-json\/wp\/v2\/pages\/944","targetHints":{"allow":["GET"]}}],"collection":[{"href":"https:\/\/isfort.uqo.ca\/en\/wp-json\/wp\/v2\/pages"}],"about":[{"href":"https:\/\/isfort.uqo.ca\/en\/wp-json\/wp\/v2\/types\/page"}],"author":[{"embeddable":true,"href":"https:\/\/isfort.uqo.ca\/en\/wp-json\/wp\/v2\/users\/1"}],"replies":[{"embeddable":true,"href":"https:\/\/isfort.uqo.ca\/en\/wp-json\/wp\/v2\/comments?post=944"}],"version-history":[{"count":34,"href":"https:\/\/isfort.uqo.ca\/en\/wp-json\/wp\/v2\/pages\/944\/revisions"}],"predecessor-version":[{"id":3140,"href":"https:\/\/isfort.uqo.ca\/en\/wp-json\/wp\/v2\/pages\/944\/revisions\/3140"}],"wp:attachment":[{"href":"https:\/\/isfort.uqo.ca\/en\/wp-json\/wp\/v2\/media?parent=944"}],"curies":[{"name":"wp","href":"https:\/\/api.w.org\/{rel}","templated":true}]}}